{"id":1522,"date":"2017-11-17T14:59:58","date_gmt":"2017-11-17T13:59:58","guid":{"rendered":"https:\/\/clic.dk\/?page_id=1522"},"modified":"2025-03-31T14:39:53","modified_gmt":"2025-03-31T12:39:53","slug":"forside","status":"publish","type":"page","link":"https:\/\/clic.dk\/de\/","title":{"rendered":"Forside"},"content":{"rendered":"","protected":false},"excerpt":{"rendered":"","protected":false},"author":2,"featured_media":0,"parent":0,"menu_order":0,"comment_status":"closed","ping_status":"closed","template":"page-home-page.php","meta":{"_acf_changed":false,"footnotes":""},"class_list":["post-1522","page","type-page","status-publish","hentry"],"acf":[],"yoast_head":"<!-- This site is optimized with the Yoast SEO plugin v27.4 - https:\/\/yoast.com\/product\/yoast-seo-wordpress\/ -->\n<title>Hifi M\u00f8bler - Hear Beauty. See Beauty. Hide Everything Else.<\/title>\n<meta name=\"description\" content=\"Clic s\u00e6lger hifi m\u00f8bler i dansk design. Kig forbi hjemmesiden eller bes\u00f8g os i \u00c5rhus for at se et hifi m\u00f8bel af h\u00f8j kvalitet, der skjuler hvor det skal.\" \/>\n<meta name=\"robots\" content=\"index, follow, max-snippet:-1, max-image-preview:large, max-video-preview:-1\" \/>\n<link rel=\"canonical\" href=\"https:\/\/clic.dk\/de\/\" \/>\n<meta property=\"og:locale\" content=\"da_DK\" \/>\n<meta property=\"og:type\" content=\"article\" \/>\n<meta property=\"og:title\" content=\"Hifi M\u00f8bler - Hear Beauty. See Beauty. Hide Everything Else.\" \/>\n<meta property=\"og:description\" content=\"Clic s\u00e6lger hifi m\u00f8bler i dansk design. Kig forbi hjemmesiden eller bes\u00f8g os i \u00c5rhus for at se et hifi m\u00f8bel af h\u00f8j kvalitet, der skjuler hvor det skal.\" \/>\n<meta property=\"og:url\" content=\"https:\/\/clic.dk\/de\/\" \/>\n<meta property=\"og:site_name\" content=\"clic\" \/>\n<meta property=\"article:publisher\" content=\"https:\/\/www.facebook.com\/clicfurniture\" \/>\n<meta property=\"article:modified_time\" content=\"2025-03-31T12:39:53+00:00\" \/>\n<meta name=\"twitter:card\" content=\"summary_large_image\" \/>\n<meta name=\"twitter:site\" content=\"@clicfurniture\" \/>\n<script type=\"application\/ld+json\" class=\"yoast-schema-graph\">{\"@context\":\"https:\\\/\\\/schema.org\",\"@graph\":[{\"@type\":\"WebPage\",\"@id\":\"https:\\\/\\\/clic.dk\\\/de\\\/\",\"url\":\"https:\\\/\\\/clic.dk\\\/de\\\/\",\"name\":\"Hifi M\u00f8bler - Hear Beauty. See Beauty. Hide Everything Else.\",\"isPartOf\":{\"@id\":\"https:\\\/\\\/clic.dk\\\/de\\\/#website\"},\"datePublished\":\"2017-11-17T13:59:58+00:00\",\"dateModified\":\"2025-03-31T12:39:53+00:00\",\"description\":\"Clic s\u00e6lger hifi m\u00f8bler i dansk design. Kig forbi hjemmesiden eller bes\u00f8g os i \u00c5rhus for at se et hifi m\u00f8bel af h\u00f8j kvalitet, der skjuler hvor det skal.\",\"breadcrumb\":{\"@id\":\"https:\\\/\\\/clic.dk\\\/de\\\/#breadcrumb\"},\"inLanguage\":\"da-DK\",\"potentialAction\":[{\"@type\":\"ReadAction\",\"target\":[\"https:\\\/\\\/clic.dk\\\/de\\\/\"]}]},{\"@type\":\"BreadcrumbList\",\"@id\":\"https:\\\/\\\/clic.dk\\\/de\\\/#breadcrumb\",\"itemListElement\":[{\"@type\":\"ListItem\",\"position\":1,\"name\":\"Hjem\",\"item\":\"https:\\\/\\\/clic.dk\\\/de\\\/\"},{\"@type\":\"ListItem\",\"position\":2,\"name\":\"Forside\"}]},{\"@type\":\"WebSite\",\"@id\":\"https:\\\/\\\/clic.dk\\\/de\\\/#website\",\"url\":\"https:\\\/\\\/clic.dk\\\/de\\\/\",\"name\":\"clic\",\"description\":\"\",\"potentialAction\":[{\"@type\":\"SearchAction\",\"target\":{\"@type\":\"EntryPoint\",\"urlTemplate\":\"https:\\\/\\\/clic.dk\\\/de\\\/?s={search_term_string}\"},\"query-input\":{\"@type\":\"PropertyValueSpecification\",\"valueRequired\":true,\"valueName\":\"search_term_string\"}}],\"inLanguage\":\"da-DK\"}]}<\/script>\n<!-- \/ Yoast SEO plugin. -->","yoast_head_json":{"title":"Hifi M\u00f8bler - Hear Beauty. See Beauty. Hide Everything Else.","description":"Clic s\u00e6lger hifi m\u00f8bler i dansk design. Kig forbi hjemmesiden eller bes\u00f8g os i \u00c5rhus for at se et hifi m\u00f8bel af h\u00f8j kvalitet, der skjuler hvor det skal.","robots":{"index":"index","follow":"follow","max-snippet":"max-snippet:-1","max-image-preview":"max-image-preview:large","max-video-preview":"max-video-preview:-1"},"canonical":"https:\/\/clic.dk\/de\/","og_locale":"da_DK","og_type":"article","og_title":"Hifi M\u00f8bler - Hear Beauty. See Beauty. Hide Everything Else.","og_description":"Clic s\u00e6lger hifi m\u00f8bler i dansk design. Kig forbi hjemmesiden eller bes\u00f8g os i \u00c5rhus for at se et hifi m\u00f8bel af h\u00f8j kvalitet, der skjuler hvor det skal.","og_url":"https:\/\/clic.dk\/de\/","og_site_name":"clic","article_publisher":"https:\/\/www.facebook.com\/clicfurniture","article_modified_time":"2025-03-31T12:39:53+00:00","twitter_card":"summary_large_image","twitter_site":"@clicfurniture","schema":{"@context":"https:\/\/schema.org","@graph":[{"@type":"WebPage","@id":"https:\/\/clic.dk\/de\/","url":"https:\/\/clic.dk\/de\/","name":"Hifi M\u00f8bler - Hear Beauty. See Beauty. Hide Everything Else.","isPartOf":{"@id":"https:\/\/clic.dk\/de\/#website"},"datePublished":"2017-11-17T13:59:58+00:00","dateModified":"2025-03-31T12:39:53+00:00","description":"Clic s\u00e6lger hifi m\u00f8bler i dansk design. Kig forbi hjemmesiden eller bes\u00f8g os i \u00c5rhus for at se et hifi m\u00f8bel af h\u00f8j kvalitet, der skjuler hvor det skal.","breadcrumb":{"@id":"https:\/\/clic.dk\/de\/#breadcrumb"},"inLanguage":"da-DK","potentialAction":[{"@type":"ReadAction","target":["https:\/\/clic.dk\/de\/"]}]},{"@type":"BreadcrumbList","@id":"https:\/\/clic.dk\/de\/#breadcrumb","itemListElement":[{"@type":"ListItem","position":1,"name":"Hjem","item":"https:\/\/clic.dk\/de\/"},{"@type":"ListItem","position":2,"name":"Forside"}]},{"@type":"WebSite","@id":"https:\/\/clic.dk\/de\/#website","url":"https:\/\/clic.dk\/de\/","name":"clic","description":"","potentialAction":[{"@type":"SearchAction","target":{"@type":"EntryPoint","urlTemplate":"https:\/\/clic.dk\/de\/?s={search_term_string}"},"query-input":{"@type":"PropertyValueSpecification","valueRequired":true,"valueName":"search_term_string"}}],"inLanguage":"da-DK"}]}},"_links":{"self":[{"href":"https:\/\/clic.dk\/de\/wp-json\/wp\/v2\/pages\/1522","targetHints":{"allow":["GET"]}}],"collection":[{"href":"https:\/\/clic.dk\/de\/wp-json\/wp\/v2\/pages"}],"about":[{"href":"https:\/\/clic.dk\/de\/wp-json\/wp\/v2\/types\/page"}],"author":[{"embeddable":true,"href":"https:\/\/clic.dk\/de\/wp-json\/wp\/v2\/users\/2"}],"replies":[{"embeddable":true,"href":"https:\/\/clic.dk\/de\/wp-json\/wp\/v2\/comments?post=1522"}],"version-history":[{"count":28,"href":"https:\/\/clic.dk\/de\/wp-json\/wp\/v2\/pages\/1522\/revisions"}],"predecessor-version":[{"id":6176,"href":"https:\/\/clic.dk\/de\/wp-json\/wp\/v2\/pages\/1522\/revisions\/6176"}],"wp:attachment":[{"href":"https:\/\/clic.dk\/de\/wp-json\/wp\/v2\/media?parent=1522"}],"curies":[{"name":"wp","href":"https:\/\/api.w.org\/{rel}","templated":true}]}}