{"id":5933,"date":"2025-01-16T09:22:30","date_gmt":"2025-01-16T08:22:30","guid":{"rendered":"https:\/\/clic.dk\/en\/?page_id=5933"},"modified":"2025-06-03T09:07:43","modified_gmt":"2025-06-03T07:07:43","slug":"clic-custom","status":"publish","type":"page","link":"https:\/\/clic.dk\/en\/clic-custom\/","title":{"rendered":"clic custom"},"content":{"rendered":"\n<p class=\"has-text-align-center\">Didn\u2019t find what you were looking for in our classic series or TV series?<br>Do you have any specific requirements for the size of your furniture?<br><br>Ring til <a href=\"tel:004586997400\"><strong>+45 8699 7400<\/strong><\/a> eller skriv en besked til os p\u00e5 <a href=\"mailto:info@clic.dk\"><strong>info@clic.dk<\/strong><\/a> med dine \u00f8nsker, s\u00e5 finder vi sammen en l\u00f8sning.<\/p>\n","protected":false},"excerpt":{"rendered":"<p>Didn\u2019t find what you were looking for in our classic series or TV series?Do you have any specific requirements for the size of your furniture? Ring til +45 8699 7400 eller skriv en besked til os p\u00e5 info@clic.dk med dine \u00f8nsker, s\u00e5 finder vi sammen en l\u00f8sning.<\/p>\n","protected":false},"author":2,"featured_media":0,"parent":0,"menu_order":0,"comment_status":"closed","ping_status":"closed","template":"page-clic-custom.php","meta":{"_acf_changed":false,"footnotes":""},"class_list":["post-5933","page","type-page","status-publish","hentry"],"acf":[],"yoast_head":"<!-- This site is optimized with the Yoast SEO plugin v27.5 - https:\/\/yoast.com\/product\/yoast-seo-wordpress\/ -->\n<title>clic custom - clic<\/title>\n<meta name=\"robots\" content=\"index, follow, max-snippet:-1, max-image-preview:large, max-video-preview:-1\" \/>\n<link rel=\"canonical\" href=\"https:\/\/clic.dk\/en\/clic-custom\/\" \/>\n<meta property=\"og:locale\" content=\"en_US\" \/>\n<meta property=\"og:type\" content=\"article\" \/>\n<meta property=\"og:title\" content=\"clic custom - clic\" \/>\n<meta property=\"og:description\" content=\"Didn\u2019t find what you were looking for in our classic series or TV series?Do you have any specific requirements for the size of your furniture? Ring til +45 8699 7400 eller skriv en besked til os p\u00e5 info@clic.dk med dine \u00f8nsker, s\u00e5 finder vi sammen en l\u00f8sning.\" \/>\n<meta property=\"og:url\" content=\"https:\/\/clic.dk\/en\/clic-custom\/\" \/>\n<meta property=\"og:site_name\" content=\"clic\" \/>\n<meta property=\"article:publisher\" content=\"https:\/\/www.facebook.com\/clicfurniture\" \/>\n<meta property=\"article:modified_time\" content=\"2025-06-03T07:07:43+00:00\" \/>\n<meta name=\"twitter:card\" content=\"summary_large_image\" \/>\n<meta name=\"twitter:site\" content=\"@clicfurniture\" \/>\n<meta name=\"twitter:label1\" content=\"Est. reading time\" \/>\n\t<meta name=\"twitter:data1\" content=\"1 minute\" \/>\n<script type=\"application\/ld+json\" class=\"yoast-schema-graph\">{\"@context\":\"https:\\\/\\\/schema.org\",\"@graph\":[{\"@type\":\"WebPage\",\"@id\":\"https:\\\/\\\/clic.dk\\\/en\\\/clic-custom\\\/\",\"url\":\"https:\\\/\\\/clic.dk\\\/en\\\/clic-custom\\\/\",\"name\":\"clic custom - clic\",\"isPartOf\":{\"@id\":\"https:\\\/\\\/clic.dk\\\/en\\\/#website\"},\"datePublished\":\"2025-01-16T08:22:30+00:00\",\"dateModified\":\"2025-06-03T07:07:43+00:00\",\"breadcrumb\":{\"@id\":\"https:\\\/\\\/clic.dk\\\/en\\\/clic-custom\\\/#breadcrumb\"},\"inLanguage\":\"en-US\",\"potentialAction\":[{\"@type\":\"ReadAction\",\"target\":[\"https:\\\/\\\/clic.dk\\\/en\\\/clic-custom\\\/\"]}]},{\"@type\":\"BreadcrumbList\",\"@id\":\"https:\\\/\\\/clic.dk\\\/en\\\/clic-custom\\\/#breadcrumb\",\"itemListElement\":[{\"@type\":\"ListItem\",\"position\":1,\"name\":\"Hjem\",\"item\":\"https:\\\/\\\/clic.dk\\\/en\\\/\"},{\"@type\":\"ListItem\",\"position\":2,\"name\":\"clic custom\"}]},{\"@type\":\"WebSite\",\"@id\":\"https:\\\/\\\/clic.dk\\\/en\\\/#website\",\"url\":\"https:\\\/\\\/clic.dk\\\/en\\\/\",\"name\":\"clic\",\"description\":\"\",\"potentialAction\":[{\"@type\":\"SearchAction\",\"target\":{\"@type\":\"EntryPoint\",\"urlTemplate\":\"https:\\\/\\\/clic.dk\\\/en\\\/?s={search_term_string}\"},\"query-input\":{\"@type\":\"PropertyValueSpecification\",\"valueRequired\":true,\"valueName\":\"search_term_string\"}}],\"inLanguage\":\"en-US\"}]}<\/script>\n<!-- \/ Yoast SEO plugin. -->","yoast_head_json":{"title":"clic custom - clic","robots":{"index":"index","follow":"follow","max-snippet":"max-snippet:-1","max-image-preview":"max-image-preview:large","max-video-preview":"max-video-preview:-1"},"canonical":"https:\/\/clic.dk\/en\/clic-custom\/","og_locale":"en_US","og_type":"article","og_title":"clic custom - clic","og_description":"Didn\u2019t find what you were looking for in our classic series or TV series?Do you have any specific requirements for the size of your furniture? Ring til +45 8699 7400 eller skriv en besked til os p\u00e5 info@clic.dk med dine \u00f8nsker, s\u00e5 finder vi sammen en l\u00f8sning.","og_url":"https:\/\/clic.dk\/en\/clic-custom\/","og_site_name":"clic","article_publisher":"https:\/\/www.facebook.com\/clicfurniture","article_modified_time":"2025-06-03T07:07:43+00:00","twitter_card":"summary_large_image","twitter_site":"@clicfurniture","twitter_misc":{"Est. reading time":"1 minute"},"schema":{"@context":"https:\/\/schema.org","@graph":[{"@type":"WebPage","@id":"https:\/\/clic.dk\/en\/clic-custom\/","url":"https:\/\/clic.dk\/en\/clic-custom\/","name":"clic custom - clic","isPartOf":{"@id":"https:\/\/clic.dk\/en\/#website"},"datePublished":"2025-01-16T08:22:30+00:00","dateModified":"2025-06-03T07:07:43+00:00","breadcrumb":{"@id":"https:\/\/clic.dk\/en\/clic-custom\/#breadcrumb"},"inLanguage":"en-US","potentialAction":[{"@type":"ReadAction","target":["https:\/\/clic.dk\/en\/clic-custom\/"]}]},{"@type":"BreadcrumbList","@id":"https:\/\/clic.dk\/en\/clic-custom\/#breadcrumb","itemListElement":[{"@type":"ListItem","position":1,"name":"Hjem","item":"https:\/\/clic.dk\/en\/"},{"@type":"ListItem","position":2,"name":"clic custom"}]},{"@type":"WebSite","@id":"https:\/\/clic.dk\/en\/#website","url":"https:\/\/clic.dk\/en\/","name":"clic","description":"","potentialAction":[{"@type":"SearchAction","target":{"@type":"EntryPoint","urlTemplate":"https:\/\/clic.dk\/en\/?s={search_term_string}"},"query-input":{"@type":"PropertyValueSpecification","valueRequired":true,"valueName":"search_term_string"}}],"inLanguage":"en-US"}]}},"_links":{"self":[{"href":"https:\/\/clic.dk\/en\/wp-json\/wp\/v2\/pages\/5933","targetHints":{"allow":["GET"]}}],"collection":[{"href":"https:\/\/clic.dk\/en\/wp-json\/wp\/v2\/pages"}],"about":[{"href":"https:\/\/clic.dk\/en\/wp-json\/wp\/v2\/types\/page"}],"author":[{"embeddable":true,"href":"https:\/\/clic.dk\/en\/wp-json\/wp\/v2\/users\/2"}],"replies":[{"embeddable":true,"href":"https:\/\/clic.dk\/en\/wp-json\/wp\/v2\/comments?post=5933"}],"version-history":[{"count":2,"href":"https:\/\/clic.dk\/en\/wp-json\/wp\/v2\/pages\/5933\/revisions"}],"predecessor-version":[{"id":6274,"href":"https:\/\/clic.dk\/en\/wp-json\/wp\/v2\/pages\/5933\/revisions\/6274"}],"wp:attachment":[{"href":"https:\/\/clic.dk\/en\/wp-json\/wp\/v2\/media?parent=5933"}],"curies":[{"name":"wp","href":"https:\/\/api.w.org\/{rel}","templated":true}]}}